{"id":123,"date":"2015-10-30T10:41:13","date_gmt":"2015-10-30T10:41:13","guid":{"rendered":"http:\/\/www.grupiref.org\/philosophy-for-children\/?page_id=123"},"modified":"2015-10-30T11:04:50","modified_gmt":"2015-10-30T11:04:50","slug":"links","status":"publish","type":"page","link":"https:\/\/www.grupiref.org\/philosophy-for-children\/links\/","title":{"rendered":"Links"},"content":{"rendered":"<p dir=\"ltr\">PHILOSOPHY FOR CHILDREN IN SPAIN<\/p>\n<p dir=\"ltr\"><strong><a href=\"http:\/\/www.filosofiaparaninos.org\/\" target=\"_blank\"><img loading=\"lazy\" decoding=\"async\" class=\"alignnone size-full wp-image-137\" src=\"http:\/\/www.grupiref.org\/wp-content\/uploads\/2014\/07\/boton-enlace1.png\" alt=\"Enlace\" width=\"38\" height=\"30\" align=\"absmiddle\" border=\"0\" \/><\/a><\/strong><a href=\"http:\/\/www.filosofiaparaninos.org\/\" target=\"_blank\">Centro de Filosof\u00eda para Ni\u00f1os Madrid<\/a><\/p>\n<p><strong><a href=\"http:\/\/www.xn--filosofiaparaniosvalencia-noc.es\/\" target=\"_blank\"><img loading=\"lazy\" decoding=\"async\" src=\"http:\/\/www.grupiref.org\/wp-content\/uploads\/2014\/07\/boton-enlace1.png\" alt=\"Enlace\" width=\"38\" height=\"30\" border=\"0\" align=\"absmiddle\" class=\"alignnone size-full wp-image-137\" \/><\/a><\/strong><a href=\"http:\/\/www.xn--filosofiaparaniosvalencia-noc.es\/\" target=\"_blank\">Centro de Filosofia para Ni\u00f1os de Valencia<\/a><\/p>\n<p><strong><a href=\"http:\/\/www.filonenos.org\/\" target=\"_blank\"><img loading=\"lazy\" decoding=\"async\" src=\"http:\/\/www.grupiref.org\/wp-content\/uploads\/2014\/07\/boton-enlace1.png\" alt=\"Enlace\" width=\"38\" height=\"30\" border=\"0\" align=\"absmiddle\" class=\"alignnone size-full wp-image-137\" \/><\/a><\/strong><a href=\"http:\/\/www.filonenos.org\/\" target=\"_blank\">Centro de Filosofia para Ni\u00f1os de Asturias<\/a><\/p>\n<p><strong id=\"docs-internal-guid-9cace8ab-b7cc-07e5-1545-e3e33f0363bc\"><a href=\"http:\/\/www.filosofiaparaninos.es\/\" target=\"_blank\"><img loading=\"lazy\" decoding=\"async\" class=\"alignnone size-full wp-image-137\" src=\"http:\/\/www.grupiref.org\/wp-content\/uploads\/2014\/07\/boton-enlace1.png\" alt=\"Enlace\" width=\"38\" height=\"30\" align=\"absmiddle\" border=\"0\" \/><\/a><\/strong><a href=\"http:\/\/www.filosofiaparaninos.es\/\" target=\"_blank\">Centro de Filosof\u00eda para Ni\u00f1os &#8211; Sevilla<\/a><\/p>\n<p><strong><a href=\"http:\/\/www.octaedro.com\/noria\/\" target=\"_blank\"><img loading=\"lazy\" decoding=\"async\" src=\"http:\/\/www.grupiref.org\/wp-content\/uploads\/2014\/07\/boton-enlace1.png\" alt=\"Enlace\" width=\"38\" height=\"30\" border=\"0\" align=\"absmiddle\" class=\"alignnone size-full wp-image-137\" \/><\/a><\/strong><a href=\"http:\/\/www.octaedro.com\/noria\/\" target=\"_blank\">Proyecto Noria<\/a><\/p>\n<p><strong id=\"docs-internal-guid-9cace8ab-b7cc-07e5-1545-e3e33f0363bc\"><a href=\"http:\/\/www.miroscopio.everest.es\/\" target=\"_blank\"><img loading=\"lazy\" decoding=\"async\" class=\"alignnone size-full wp-image-137\" src=\"http:\/\/www.grupiref.org\/wp-content\/uploads\/2014\/07\/boton-enlace1.png\" alt=\"Enlace\" width=\"38\" height=\"30\" align=\"absmiddle\" border=\"0\" \/><\/a><\/strong><a href=\"http:\/\/www.miroscopio.everest.es\/\" target=\"_blank\">Proyecto Miroscopio. Galicia<\/a><\/p>\n<p><strong><br \/>\n <\/strong><\/p>\n<p><strong>PHILOSOPHY FOR CHILDREN IN THE WORLD<\/strong><\/p>\n<p><strong id=\"docs-internal-guid-9cace8ab-b7cc-07e5-1545-e3e33f0363bc\"><a href=\"http:\/\/www.montclair.edu\/cehs\/academics\/centers-and-institutes\/iapc\/\" target=\"_blank\"><img loading=\"lazy\" decoding=\"async\" src=\"http:\/\/www.grupiref.org\/wp-content\/uploads\/2014\/07\/boton-enlace1.png\" alt=\"Enlace\" width=\"38\" height=\"30\" border=\"0\" align=\"absmiddle\" class=\"alignnone size-full wp-image-137\" \/><\/a><\/strong><a href=\"http:\/\/www.montclair.edu\/cehs\/academics\/centers-and-institutes\/iapc\/\" target=\"_blank\">IAPC &#8211; Institute for the Advancement of Philosophy for Children, IAPC, Montclair, New Jersey<\/a><\/p>\n<p><strong><a href=\"http:\/\/www.montclair.edu\/cehs\/academics\/centers-and-institutes\/iapc\/\" target=\"_blank\"><img loading=\"lazy\" decoding=\"async\" src=\"http:\/\/www.grupiref.org\/wp-content\/uploads\/2014\/07\/boton-enlace1.png\" alt=\"Enlace\" width=\"38\" height=\"30\" border=\"0\" align=\"absmiddle\" class=\"alignnone size-full wp-image-137\" \/><\/a><\/strong><a href=\"http:\/\/www.montclair.edu\/cehs\/academics\/centers-and-institutes\/iapc\/\" target=\"_blank\">http:\/\/www.montclair.edu\/cehs\/academics\/centers-and-institutes\/iapc\/<\/a><\/p>\n<p><strong id=\"docs-internal-guid-9cace8ab-b7cc-07e5-1545-e3e33f0363bc\"><a href=\"http:\/\/icpic.org\/\" target=\"_blank\"><img loading=\"lazy\" decoding=\"async\" src=\"http:\/\/www.grupiref.org\/wp-content\/uploads\/2014\/07\/boton-enlace1.png\" alt=\"Enlace\" width=\"38\" height=\"30\" border=\"0\" align=\"absmiddle\" class=\"alignnone size-full wp-image-137\" \/><\/a><\/strong><a href=\"http:\/\/icpic.org\/\" target=\"_blank\">ICPIC The International Council of Philosophical Inquiry with Children<\/a><\/p>\n<p>&nbsp;<\/p>\n<p dir=\"ltr\"><strong>Latin America<\/strong><\/p>\n<p><strong id=\"docs-internal-guid-9cace8ab-b7cc-07e5-1545-e3e33f0363bc\"><a href=\"http:\/\/www.fpnmexico.org\/\" target=\"_blank\"><img loading=\"lazy\" decoding=\"async\" class=\"alignnone size-full wp-image-137\" src=\"http:\/\/www.grupiref.org\/wp-content\/uploads\/2014\/07\/boton-enlace1.png\" alt=\"Enlace\" width=\"38\" height=\"30\" align=\"absmiddle\" border=\"0\" \/><\/a><\/strong><a href=\"http:\/\/www.fpnmexico.org\/\" target=\"_blank\">Federaci\u00f3n Mexicana de Filosof\u00eda para Ni\u00f1os<\/a><\/p>\n<p><strong><a href=\"http:\/\/celafin.org\/quienes.html\" target=\"_blank\"><img loading=\"lazy\" decoding=\"async\" src=\"http:\/\/www.grupiref.org\/wp-content\/uploads\/2014\/07\/boton-enlace1.png\" alt=\"Enlace\" width=\"38\" height=\"30\" border=\"0\" align=\"absmiddle\" class=\"alignnone size-full wp-image-137\" \/><\/a><\/strong><a href=\"http:\/\/celafin.org\/quienes.html\" target=\"_blank\">CELAFIN &#8211; Centro Latinoamericano de Filosof\u00eda para Ni\u00f1os<\/a><\/p>\n<p><strong id=\"docs-internal-guid-9cace8ab-b7cc-07e5-1545-e3e33f0363bc\"><a href=\"http:\/\/www.espaciofpn.com\/\" target=\"_blank\"><img loading=\"lazy\" decoding=\"async\" src=\"http:\/\/www.grupiref.org\/wp-content\/uploads\/2014\/07\/boton-enlace1.png\" alt=\"Enlace\" width=\"38\" height=\"30\" border=\"0\" align=\"absmiddle\" class=\"alignnone size-full wp-image-137\" \/><\/a><\/strong><a href=\"http:\/\/www.espaciofpn.com\/\" target=\"_blank\">Espacio FpN<\/a><\/p>\n<p><strong id=\"docs-internal-guid-9cace8ab-b7cc-07e5-1545-e3e33f0363bc\"><a href=\"https:\/\/grupopensadero.wordpress.com\/\" target=\"_blank\"><img loading=\"lazy\" decoding=\"async\" src=\"http:\/\/www.grupiref.org\/wp-content\/uploads\/2014\/07\/boton-enlace1.png\" alt=\"Enlace\" width=\"38\" height=\"30\" border=\"0\" align=\"absmiddle\" class=\"alignnone size-full wp-image-137\" \/><\/a><\/strong><a href=\"https:\/\/grupopensadero.wordpress.com\/\" target=\"_blank\">El Pensadero<\/a><\/p>\n<p><strong id=\"docs-internal-guid-9cace8ab-b7cc-07e5-1545-e3e33f0363bc\"><a href=\"http:\/\/www.philosletera.org.br\/index.php?option=com_content&#038;view=article&#038;id=113&#038;Itemid=99\" target=\"_blank\"><img loading=\"lazy\" decoding=\"async\" src=\"http:\/\/www.grupiref.org\/wp-content\/uploads\/2014\/07\/boton-enlace1.png\" alt=\"Enlace\" width=\"38\" height=\"30\" border=\"0\" align=\"absmiddle\" class=\"alignnone size-full wp-image-137\" \/><\/a><\/strong><a href=\"http:\/\/www.philosletera.org.br\/index.php?option=com_content&#038;view=article&#038;id=113&#038;Itemid=99\" target=\"_blank\">Centro de filosofia para crian\u00e7as de Brasil<\/a><\/p>\n<p><strong id=\"docs-internal-guid-9cace8ab-b7cc-07e5-1545-e3e33f0363bc\"><a href=\"https:\/\/www.facebook.com\/Red-Colombiana-de-Filosof\u00eda-para-Ni\u00f1os-207336975998426\/\" target=\"_blank\"><img loading=\"lazy\" decoding=\"async\" src=\"http:\/\/www.grupiref.org\/wp-content\/uploads\/2014\/07\/boton-enlace1.png\" alt=\"Enlace\" width=\"38\" height=\"30\" border=\"0\" align=\"absmiddle\" class=\"alignnone size-full wp-image-137\" \/><\/a><\/strong><a href=\"https:\/\/www.facebook.com\/Red-Colombiana-de-Filosof\u00eda-para-Ni\u00f1os-207336975998426\/\" target=\"_blank\">Red colombiana de Filosof\u00eda para Ni\u00f1os<\/a><\/p>\n<p><strong id=\"docs-internal-guid-9cace8ab-b7cc-07e5-1545-e3e33f0363bc\"><a href=\"http:\/\/lauracurbelo.org\/\" target=\"_blank\"><img loading=\"lazy\" decoding=\"async\" src=\"http:\/\/www.grupiref.org\/wp-content\/uploads\/2014\/07\/boton-enlace1.png\" alt=\"Enlace\" width=\"38\" height=\"30\" border=\"0\" align=\"absmiddle\" class=\"alignnone size-full wp-image-137\" \/><\/a><\/strong><a href=\"http:\/\/lauracurbelo.org\/\" target=\"_blank\">Filosof\u00eda para Ni\u00f1os en Uruguay<\/a><\/p>\n<p><strong id=\"docs-internal-guid-9cace8ab-b7cc-07e5-1545-e3e33f0363bc\"><a href=\"http:\/\/filosofia.uc.cl\/Filosofia-para-Ninos\/\" target=\"_blank\"><img loading=\"lazy\" decoding=\"async\" src=\"http:\/\/www.grupiref.org\/wp-content\/uploads\/2014\/07\/boton-enlace1.png\" alt=\"Enlace\" width=\"38\" height=\"30\" border=\"0\" align=\"absmiddle\" class=\"alignnone size-full wp-image-137\" \/><\/a><\/strong><a href=\"http:\/\/filosofia.uc.cl\/Filosofia-para-Ninos\/\" target=\"_blank\">Filosof\u00eda para Ni\u00f1os en Chile<\/a><\/p>\n<p>&nbsp;<\/p>\n<p dir=\"ltr\"><strong>North America<\/strong><\/p>\n<p><strong id=\"docs-internal-guid-9cace8ab-b7cc-07e5-1545-e3e33f0363bc\"><a href=\"http:\/\/p4chawaii.org\/\" target=\"_blank\"><img loading=\"lazy\" decoding=\"async\" src=\"http:\/\/www.grupiref.org\/wp-content\/uploads\/2014\/07\/boton-enlace1.png\" alt=\"Enlace\" width=\"38\" height=\"30\" border=\"0\" align=\"absmiddle\" class=\"alignnone size-full wp-image-137\" \/><\/a><\/strong><a href=\"http:\/\/p4chawaii.org\/\" target=\"_blank\">P4C Hawaii<\/a><\/p>\n<p><strong><a href=\"http:\/\/philoenfant.org\/\" target=\"_blank\"><img loading=\"lazy\" decoding=\"async\" src=\"http:\/\/www.grupiref.org\/wp-content\/uploads\/2014\/07\/boton-enlace1.png\" alt=\"Enlace\" width=\"38\" height=\"30\" border=\"0\" align=\"absmiddle\" class=\"alignnone size-full wp-image-137\" \/><\/a><\/strong><a href=\"http:\/\/philoenfant.org\/\" target=\"_blank\">La Philosophie pour les enfants<\/a><\/p>\n<p><strong id=\"docs-internal-guid-9cace8ab-b7cc-07e5-1545-e3e33f0363bc\"><a href=\"http:\/\/depts.washington.edu\/nwcenter\/\" target=\"_blank\"><img loading=\"lazy\" decoding=\"async\" src=\"http:\/\/www.grupiref.org\/wp-content\/uploads\/2014\/07\/boton-enlace1.png\" alt=\"Enlace\" width=\"38\" height=\"30\" border=\"0\" align=\"absmiddle\" class=\"alignnone size-full wp-image-137\" \/><\/a><\/strong><a href=\"http:\/\/depts.washington.edu\/nwcenter\/\" target=\"_blank\">Center of Philosophy for Children. University of Washington<\/a><\/p>\n<p><strong id=\"docs-internal-guid-9cace8ab-b7cc-07e5-1545-e3e33f0363bc\"><a href=\"http:\/\/p4c.com\/\" target=\"_blank\"><img loading=\"lazy\" decoding=\"async\" src=\"http:\/\/www.grupiref.org\/wp-content\/uploads\/2014\/07\/boton-enlace1.png\" alt=\"Enlace\" width=\"38\" height=\"30\" border=\"0\" align=\"absmiddle\" class=\"alignnone size-full wp-image-137\" \/><\/a><\/strong><a href=\"http:\/\/p4c.com\/\" target=\"_blank\">The P4C Co-operative<\/a><\/p>\n<p>&nbsp; <\/p>\n<p dir=\"ltr\"><strong>Europe<\/strong><\/p>\n<p><strong id=\"docs-internal-guid-9cace8ab-b7cc-07e5-1545-e3e33f0363bc\"><a href=\"http:\/\/www.sophia.eu.org\/\" target=\"_blank\"><img loading=\"lazy\" decoding=\"async\" src=\"http:\/\/www.grupiref.org\/wp-content\/uploads\/2014\/07\/boton-enlace1.png\" alt=\"Enlace\" width=\"38\" height=\"30\" border=\"0\" align=\"absmiddle\" class=\"alignnone size-full wp-image-137\" \/><\/a><\/strong><a href=\"http:\/\/www.sophia.eu.org\/\" target=\"_blank\">SOPHIA &#8211; European Foundation for the Advancement of Doing Philosophy with Children<\/a><\/p>\n<p><strong id=\"docs-internal-guid-9cace8ab-b7cc-07e5-1545-e3e33f0363bc\"><a href=\"http:\/\/www.filosofare.org\/home\/p4c\/\" target=\"_blank\"><img loading=\"lazy\" decoding=\"async\" src=\"http:\/\/www.grupiref.org\/wp-content\/uploads\/2014\/07\/boton-enlace1.png\" alt=\"Enlace\" width=\"38\" height=\"30\" border=\"0\" align=\"absmiddle\" class=\"alignnone size-full wp-image-137\" \/><\/a><\/strong><a href=\"http:\/\/www.filosofare.org\/home\/p4c\/\" target=\"_blank\">P\u00e0gina italiana de Philosophy for Children<\/a><\/p>\n<p><strong id=\"docs-internal-guid-9cace8ab-b7cc-07e5-1545-e3e33f0363bc\"><a href=\"http:\/\/www.thephilosophydoctor.co.uk\/2011\/\" target=\"_blank\"><img loading=\"lazy\" decoding=\"async\" src=\"http:\/\/www.grupiref.org\/wp-content\/uploads\/2014\/07\/boton-enlace1.png\" alt=\"Enlace\" width=\"38\" height=\"30\" border=\"0\" align=\"absmiddle\" class=\"alignnone size-full wp-image-137\" \/><\/a><\/strong><a href=\"http:\/\/www.thephilosophydoctor.co.uk\/2011\/\" target=\"_blank\">SAPERE -The Society for the Advancement of Philosophical Enquiry and Reflections in Education<\/a><\/p>\n<p><strong id=\"docs-internal-guid-9cace8ab-b7cc-07e5-1545-e3e33f0363bc\"><a href=\"http:\/\/www.thephilosophydoctor.co.uk\/2011\/\" target=\"_blank\"><img loading=\"lazy\" decoding=\"async\" src=\"http:\/\/www.grupiref.org\/wp-content\/uploads\/2014\/07\/boton-enlace1.png\" alt=\"Enlace\" width=\"38\" height=\"30\" border=\"0\" align=\"absmiddle\" class=\"alignnone size-full wp-image-137\" \/><\/a><\/strong><a href=\"http:\/\/www.thephilosophydoctor.co.uk\/2011\/\" target=\"_blank\">The Philosophy Doctor<\/a><\/p>\n<p><strong id=\"docs-internal-guid-9cace8ab-b7cc-07e5-1545-e3e33f0363bc\"><a href=\"http:\/\/www.philosophyforkids.com\/aboutus.shtml\" target=\"_blank\"><img loading=\"lazy\" decoding=\"async\" src=\"http:\/\/www.grupiref.org\/wp-content\/uploads\/2014\/07\/boton-enlace1.png\" alt=\"Enlace\" width=\"38\" height=\"30\" border=\"0\" align=\"absmiddle\" class=\"alignnone size-full wp-image-137\" \/><\/a><\/strong><a href=\"http:\/\/www.philosophyforkids.com\/aboutus.shtml\" target=\"_blank\">Philosophy for Kids<\/a><\/p>\n<p><strong id=\"docs-internal-guid-9cace8ab-b7cc-07e5-1545-e3e33f0363bc\"><a href=\"http:\/\/epic-international.org\/\" target=\"_blank\"><img loading=\"lazy\" decoding=\"async\" src=\"http:\/\/www.grupiref.org\/wp-content\/uploads\/2014\/07\/boton-enlace1.png\" alt=\"Enlace\" width=\"38\" height=\"30\" border=\"0\" align=\"absmiddle\" class=\"alignnone size-full wp-image-137\" \/><\/a><\/strong><a href=\"http:\/\/epic-international.org\/\" target=\"_blank\">EPIC International Fundat per la Dr.Catherine C. McCall<\/a><\/p>\n<p><strong id=\"docs-internal-guid-9cace8ab-b7cc-07e5-1545-e3e33f0363bc\"><a href=\"http:\/\/plato.stanford.edu\/entries\/children\/#Oth\" target=\"_blank\"><img loading=\"lazy\" decoding=\"async\" src=\"http:\/\/www.grupiref.org\/wp-content\/uploads\/2014\/07\/boton-enlace1.png\" alt=\"Enlace\" width=\"38\" height=\"30\" border=\"0\" align=\"absmiddle\" class=\"alignnone size-full wp-image-137\" \/><\/a><\/strong><a href=\"http:\/\/plato.stanford.edu\/entries\/children\/#Oth\" target=\"_blank\">Stanford Encyclopedia of Philosophy: Philosophy for Children<\/a><\/p>\n<p><strong id=\"docs-internal-guid-9cace8ab-b7cc-07e5-1545-e3e33f0363bc\"><a href=\"http:\/\/www.philosophy-foundation.org\/\" target=\"_blank\"><img loading=\"lazy\" decoding=\"async\" src=\"http:\/\/www.grupiref.org\/wp-content\/uploads\/2014\/07\/boton-enlace1.png\" alt=\"Enlace\" width=\"38\" height=\"30\" border=\"0\" align=\"absmiddle\" class=\"alignnone size-full wp-image-137\" \/><\/a><\/strong><a href=\"http:\/\/www.philosophy-foundation.org\/\" target=\"_blank\">The Philosophy Foundation<\/a><\/p>\n<p><strong id=\"docs-internal-guid-9cace8ab-b7cc-07e5-1545-e3e33f0363bc\"><a href=\"http:\/\/www.kinderphilosophie.at\/\" target=\"_blank\"><img loading=\"lazy\" decoding=\"async\" src=\"http:\/\/www.grupiref.org\/wp-content\/uploads\/2014\/07\/boton-enlace1.png\" alt=\"Enlace\" width=\"38\" height=\"30\" border=\"0\" align=\"absmiddle\" class=\"alignnone size-full wp-image-137\" \/><\/a><\/strong><a href=\"http:\/\/www.kinderphilosophie.at\/\" target=\"_blank\">Austrian Center of Philosphy for Children<\/a><\/p>\n<p dir=\"ltr\">&nbsp;<\/p>\n<p dir=\"ltr\"><strong> Oceania<\/strong><\/p>\n<p><strong id=\"docs-internal-guid-9cace8ab-b7cc-07e5-1545-e3e33f0363bc\"><a href=\"http:\/\/fapsa.org.au\/\" target=\"_blank\"><img loading=\"lazy\" decoding=\"async\" src=\"http:\/\/www.grupiref.org\/wp-content\/uploads\/2014\/07\/boton-enlace1.png\" alt=\"Enlace\" width=\"38\" height=\"30\" border=\"0\" align=\"absmiddle\" class=\"alignnone size-full wp-image-137\" \/><\/a><\/strong><a href=\"http:\/\/fapsa.org.au\/\" target=\"_blank\">Federation of Australasian Philosophy in Schools Associations<\/a><\/p>\n<p><strong id=\"docs-internal-guid-9cace8ab-b7cc-07e5-1545-e3e33f0363bc\"><a href=\"http:\/\/www.p4c.org.nz\/\" target=\"_blank\"><img loading=\"lazy\" decoding=\"async\" src=\"http:\/\/www.grupiref.org\/wp-content\/uploads\/2014\/07\/boton-enlace1.png\" alt=\"Enlace\" width=\"38\" height=\"30\" border=\"0\" align=\"absmiddle\" class=\"alignnone size-full wp-image-137\" \/><\/a><\/strong><a href=\"http:\/\/www.p4c.org.nz\/\" target=\"_blank\">Philosophy for Children in New Zeland<\/a><\/p>\n<p><strong><strong>\u00a0<\/strong><\/strong><\/p>\n<p><strong>JOURNALS<\/strong><\/p>\n<p><strong id=\"docs-internal-guid-9cace8ab-b7cc-07e5-1545-e3e33f0363bc\"><a href=\"http:\/\/www.montclair.edu\/cehs\/academics\/centers-and-institutes\/iapc\/thinking-journal\/\" target=\"_blank\"><img loading=\"lazy\" decoding=\"async\" src=\"http:\/\/www.grupiref.org\/wp-content\/uploads\/2014\/07\/boton-enlace1.png\" alt=\"Enlace\" width=\"38\" height=\"30\" border=\"0\" align=\"absmiddle\" class=\"alignnone size-full wp-image-137\" \/><\/a><\/strong><a href=\"http:\/\/www.montclair.edu\/cehs\/academics\/centers-and-institutes\/iapc\/thinking-journal\/\" target=\"_blank\">Thinking: The Journal of Philosophy for Children (1979-2014)<\/a><\/p>\n<p><strong><a href=\"http:\/\/journal.viterbo.edu\/index.php\/atpp\" target=\"_blank\"><img loading=\"lazy\" decoding=\"async\" src=\"http:\/\/www.grupiref.org\/wp-content\/uploads\/2014\/07\/boton-enlace1.png\" alt=\"Enlace\" width=\"38\" height=\"30\" border=\"0\" align=\"absmiddle\" class=\"alignnone size-full wp-image-137\" \/><\/a><\/strong><a href=\"http:\/\/journal.viterbo.edu\/index.php\/atpp\" target=\"_blank\">Analytic teaching<\/a><\/p>\n<p>&nbsp;<\/p>\n<p>&nbsp;<\/p>\n","protected":false},"excerpt":{"rendered":"<p>PHILOSOPHY FOR CHILDREN IN SPAIN Centro de Filosof\u00eda para Ni\u00f1os Madrid Centro de Filosofia para Ni\u00f1os de Valencia Centro de Filosofia para Ni\u00f1os de Asturias Centro de Filosof\u00eda para Ni\u00f1os &#8211; Sevilla Proyecto Noria Proyecto Miroscopio. Galicia PHILOSOPHY FOR CHILDREN IN THE WORLD IAPC &#8211; Institute for the Advancement of Philosophy for Children, IAPC, Montclair, &hellip; <a href=\"https:\/\/www.grupiref.org\/philosophy-for-children\/links\/\" class=\"more-link\">Sigue leyendo <span class=\"screen-reader-text\">Links<\/span><\/a><\/p>\n","protected":false},"author":1,"featured_media":127,"parent":0,"menu_order":0,"comment_status":"closed","ping_status":"closed","template":"","meta":{"footnotes":""},"class_list":["post-123","page","type-page","status-publish","has-post-thumbnail","hentry"],"_links":{"self":[{"href":"https:\/\/www.grupiref.org\/philosophy-for-children\/wp-json\/wp\/v2\/pages\/123","targetHints":{"allow":["GET"]}}],"collection":[{"href":"https:\/\/www.grupiref.org\/philosophy-for-children\/wp-json\/wp\/v2\/pages"}],"about":[{"href":"https:\/\/www.grupiref.org\/philosophy-for-children\/wp-json\/wp\/v2\/types\/page"}],"author":[{"embeddable":true,"href":"https:\/\/www.grupiref.org\/philosophy-for-children\/wp-json\/wp\/v2\/users\/1"}],"replies":[{"embeddable":true,"href":"https:\/\/www.grupiref.org\/philosophy-for-children\/wp-json\/wp\/v2\/comments?post=123"}],"version-history":[{"count":9,"href":"https:\/\/www.grupiref.org\/philosophy-for-children\/wp-json\/wp\/v2\/pages\/123\/revisions"}],"predecessor-version":[{"id":134,"href":"https:\/\/www.grupiref.org\/philosophy-for-children\/wp-json\/wp\/v2\/pages\/123\/revisions\/134"}],"wp:featuredmedia":[{"embeddable":true,"href":"https:\/\/www.grupiref.org\/philosophy-for-children\/wp-json\/wp\/v2\/media\/127"}],"wp:attachment":[{"href":"https:\/\/www.grupiref.org\/philosophy-for-children\/wp-json\/wp\/v2\/media?parent=123"}],"curies":[{"name":"wp","href":"https:\/\/api.w.org\/{rel}","templated":true}]}}