{"id":82,"date":"2014-12-04T16:16:26","date_gmt":"2014-12-04T15:16:26","guid":{"rendered":"http:\/\/www.grupiref.org\/filosofia-formacion\/?page_id=82"},"modified":"2018-01-24T11:10:54","modified_gmt":"2018-01-24T10:10:54","slug":"informe-de-evaluacion","status":"publish","type":"page","link":"https:\/\/www.grupiref.org\/filosofia-formacion\/informe-de-evaluacion\/","title":{"rendered":"INFORME DE EVALUACION"},"content":{"rendered":"<p><img loading=\"lazy\" decoding=\"async\" class=\"alignnone size-medium wp-image-76\" src=\"http:\/\/www.grupiref.org\/filosofia-formacion\/wp-content\/uploads\/2014\/12\/informes-nene.jpg\" alt=\"Pensar con la pintura \" width=\"600\" height=\"377\" \/><\/p>\n<p>&nbsp;<\/p>\n<p>Informe completo sobre la evaluaci\u00f3n del desarrollo del proyecto Filosofia 3\/18 en diferentes centros educativos de Catalu\u00f1a realizado por el Consell Superior d&#8217;Avaluaci\u00f3 del Sistema Educatiu del Departament d&#8217;Ensenyament de la Generalitat de Catalunya. Abril 2012.<\/p>\n<p>Versi\u00f3n completa\u00a0<em><a href=\"http:\/\/www.grupiref.org\/filosofia-formacion\/wp-content\/uploads\/2014\/12\/informe-pdf-cast.pdf\"><img loading=\"lazy\" decoding=\"async\" class=\"alignnone size-full wp-image-125\" src=\"http:\/\/www.grupiref.org\/filosofia-formacion\/wp-content\/uploads\/2014\/12\/PDF-filosofia3.png\" alt=\"PDF - Versi\u00f3n completa\" width=\"38\" height=\"30\" align=\"absmiddle\" border=\"0\" \/><\/a><\/em><\/p>\n<p>Versi\u00f3n resumida con gr\u00e1ficos\u00a0<em><a href=\"http:\/\/www.grupiref.org\/filosofia-formacion\/wp-content\/uploads\/2014\/12\/DOC-EVALUACION-CUADROS-GrupIREF.pdf\"><img loading=\"lazy\" decoding=\"async\" class=\"alignnone size-full wp-image-125\" src=\"http:\/\/www.grupiref.org\/filosofia-formacion\/wp-content\/uploads\/2014\/12\/PDF-filosofia3.png\" alt=\"PDF - Versi\u00f3n resumida con gr\u00e1ficos\" width=\"38\" height=\"30\" align=\"absmiddle\" border=\"0\" \/><\/a><\/em><\/p>\n","protected":false},"excerpt":{"rendered":"<p>&nbsp; Informe completo sobre la evaluaci\u00f3n del desarrollo del proyecto Filosofia 3\/18 en diferentes centros educativos de Catalu\u00f1a realizado por el Consell Superior d&#8217;Avaluaci\u00f3 del Sistema Educatiu del Departament d&#8217;Ensenyament de la Generalitat de Catalunya. Abril 2012. Versi\u00f3n completa\u00a0 Versi\u00f3n resumida con gr\u00e1ficos\u00a0<\/p>\n","protected":false},"author":1,"featured_media":0,"parent":0,"menu_order":0,"comment_status":"closed","ping_status":"closed","template":"","meta":{"footnotes":""},"class_list":["post-82","page","type-page","status-publish","hentry"],"_links":{"self":[{"href":"https:\/\/www.grupiref.org\/filosofia-formacion\/wp-json\/wp\/v2\/pages\/82","targetHints":{"allow":["GET"]}}],"collection":[{"href":"https:\/\/www.grupiref.org\/filosofia-formacion\/wp-json\/wp\/v2\/pages"}],"about":[{"href":"https:\/\/www.grupiref.org\/filosofia-formacion\/wp-json\/wp\/v2\/types\/page"}],"author":[{"embeddable":true,"href":"https:\/\/www.grupiref.org\/filosofia-formacion\/wp-json\/wp\/v2\/users\/1"}],"replies":[{"embeddable":true,"href":"https:\/\/www.grupiref.org\/filosofia-formacion\/wp-json\/wp\/v2\/comments?post=82"}],"version-history":[{"count":6,"href":"https:\/\/www.grupiref.org\/filosofia-formacion\/wp-json\/wp\/v2\/pages\/82\/revisions"}],"predecessor-version":[{"id":234,"href":"https:\/\/www.grupiref.org\/filosofia-formacion\/wp-json\/wp\/v2\/pages\/82\/revisions\/234"}],"wp:attachment":[{"href":"https:\/\/www.grupiref.org\/filosofia-formacion\/wp-json\/wp\/v2\/media?parent=82"}],"curies":[{"name":"wp","href":"https:\/\/api.w.org\/{rel}","templated":true}]}}