{"id":353,"date":"2023-06-23T08:33:01","date_gmt":"2023-06-23T06:33:01","guid":{"rendered":"https:\/\/www.grupiref.org\/filosofia-formacion\/?page_id=353"},"modified":"2023-07-21T08:59:10","modified_gmt":"2023-07-21T06:59:10","slug":"grupiref","status":"publish","type":"page","link":"https:\/\/www.grupiref.org\/filosofia-formacion\/","title":{"rendered":"GrupIREF. Grup d\u2019Innovaci\u00f3 i Recerca per a l\u2019Ensenyament de la Filosofia .:. FILOSOFIA 3\/18"},"content":{"rendered":"<p><img loading=\"lazy\" decoding=\"async\" class=\"aligncenter  wp-image-385\" src=\"https:\/\/www.grupiref.org\/filosofia-formacion\/wp-content\/uploads\/2023\/06\/casWebConstruccion.png\" alt=\"\" width=\"356\" height=\"48\" srcset=\"https:\/\/www.grupiref.org\/filosofia-formacion\/wp-content\/uploads\/2023\/06\/casWebConstruccion.png 989w, https:\/\/www.grupiref.org\/filosofia-formacion\/wp-content\/uploads\/2023\/06\/casWebConstruccion-300x40.png 300w, https:\/\/www.grupiref.org\/filosofia-formacion\/wp-content\/uploads\/2023\/06\/casWebConstruccion-768x103.png 768w\" sizes=\"auto, (max-width: 356px) 100vw, 356px\" \/>El\u00a0<strong>GrupIREF<\/strong> es una asociaci\u00f3n sin \u00e1nimo de lucro que tiene un convenio con la Generalitat de Catalunya para la formaci\u00f3n del profesorado; tambi\u00e9n tiene un convenio de colaboraci\u00f3n con la Universidad de Girona.<\/p>\n<p>Su objetivo es la difusi\u00f3n, formaci\u00f3n y creaci\u00f3n de material del proyecto educativo\u00a0<strong>FILOSOFIA 3\/18.<\/strong>\u00a0<\/p>\n<p><img loading=\"lazy\" decoding=\"async\" class=\"size-full wp-image-383 alignright\" src=\"https:\/\/www.grupiref.org\/filosofia-formacion\/wp-content\/uploads\/2023\/06\/00-nene-inicio.png\" alt=\"\" width=\"127\" height=\"206\" \/><\/p>\n<p>El curr\u00edculum <strong>FILOSOFIA 3\/18<\/strong> pretende ayudar a los estudiantes a pensar mejor por si mismos, partiendo de la filosofia como eje de la ense\u00f1anza. <strong>GrupIREF<\/strong> realiza regularmente cursos b\u00e1sicos y avanzados de formaci\u00f3n de profesorado y promueve trabajos de investigaci\u00f3n a nivel regional, nacional e internacional. <strong>Gloria Arbon\u00e9s<\/strong> es su directora actual.<\/p>\n<p>GrupIREF es miembro del ICPIC, el International Council for Philosophical Inquiry with Children y colabora activamente con otros centros de Philosophy for Children.<\/p>\n<p>El GrupIREF trabaja con el curr\u00edculum en catal\u00e1n que pueden ver <strong><a href=\"http:\/\/www.grupiref.org\/filosofia-318\/el-curriculum-filosofia-318\/\">aqu\u00ed<\/a><\/strong>.<\/p>\n<p>Podr\u00e1n observar que los programas de Educaci\u00f3n Infantil y ciclo inicial de Primaria son compartidos con los del <a href=\"http:\/\/www.octaedro.com\/noria\/\" target=\"_blank\" rel=\"noopener\"><strong>Proyecto Noria<\/strong><\/a>.<\/p>\n","protected":false},"excerpt":{"rendered":"<p>El\u00a0GrupIREF es una asociaci\u00f3n sin \u00e1nimo de lucro que tiene un convenio con la Generalitat de Catalunya para la formaci\u00f3n del profesorado; tambi\u00e9n tiene un convenio de colaboraci\u00f3n con la Universidad de Girona. Su objetivo es la difusi\u00f3n, formaci\u00f3n y creaci\u00f3n de material del proyecto educativo\u00a0FILOSOFIA 3\/18.\u00a0 El curr\u00edculum FILOSOFIA 3\/18 pretende ayudar a los &hellip; <a href=\"https:\/\/www.grupiref.org\/filosofia-formacion\/\" class=\"more-link\">Sigue leyendo <span class=\"screen-reader-text\">GrupIREF. Grup d\u2019Innovaci\u00f3 i Recerca per a l\u2019Ensenyament de la Filosofia .:. FILOSOFIA 3\/18<\/span><\/a><\/p>\n","protected":false},"author":1,"featured_media":0,"parent":0,"menu_order":0,"comment_status":"closed","ping_status":"closed","template":"","meta":{"footnotes":""},"class_list":["post-353","page","type-page","status-publish","hentry"],"_links":{"self":[{"href":"https:\/\/www.grupiref.org\/filosofia-formacion\/wp-json\/wp\/v2\/pages\/353","targetHints":{"allow":["GET"]}}],"collection":[{"href":"https:\/\/www.grupiref.org\/filosofia-formacion\/wp-json\/wp\/v2\/pages"}],"about":[{"href":"https:\/\/www.grupiref.org\/filosofia-formacion\/wp-json\/wp\/v2\/types\/page"}],"author":[{"embeddable":true,"href":"https:\/\/www.grupiref.org\/filosofia-formacion\/wp-json\/wp\/v2\/users\/1"}],"replies":[{"embeddable":true,"href":"https:\/\/www.grupiref.org\/filosofia-formacion\/wp-json\/wp\/v2\/comments?post=353"}],"version-history":[{"count":10,"href":"https:\/\/www.grupiref.org\/filosofia-formacion\/wp-json\/wp\/v2\/pages\/353\/revisions"}],"predecessor-version":[{"id":413,"href":"https:\/\/www.grupiref.org\/filosofia-formacion\/wp-json\/wp\/v2\/pages\/353\/revisions\/413"}],"wp:attachment":[{"href":"https:\/\/www.grupiref.org\/filosofia-formacion\/wp-json\/wp\/v2\/media?parent=353"}],"curies":[{"name":"wp","href":"https:\/\/api.w.org\/{rel}","templated":true}]}}