{"id":123,"date":"2015-10-30T11:40:11","date_gmt":"2015-10-30T10:40:11","guid":{"rendered":"http:\/\/www.grupiref.org\/filosofia-formacion\/?page_id=123"},"modified":"2023-06-23T12:51:21","modified_gmt":"2023-06-23T10:51:21","slug":"enlaces","status":"publish","type":"page","link":"https:\/\/www.grupiref.org\/filosofia-formacion\/enlaces\/","title":{"rendered":"ENLACES"},"content":{"rendered":"<p><img loading=\"lazy\" decoding=\"async\" src=\"https:\/\/www.grupiref.org\/filosofia-formacion\/wp-content\/uploads\/2015\/10\/nenees.jpg\" alt=\"\" width=\"586\" height=\"368\" class=\"aligncenter size-full wp-image-128\" srcset=\"https:\/\/www.grupiref.org\/filosofia-formacion\/wp-content\/uploads\/2015\/10\/nenees.jpg 586w, https:\/\/www.grupiref.org\/filosofia-formacion\/wp-content\/uploads\/2015\/10\/nenees-300x188.jpg 300w\" sizes=\"auto, (max-width: 586px) 100vw, 586px\" \/><\/p>\n<p dir=\"ltr\"><strong>FILOSOF\u00cdA PARA NI\u00d1OS EN EL ESTADO ESPA\u00d1OL<\/strong><\/p>\n<p dir=\"ltr\"><strong><a href=\"http:\/\/www.filosofiaparaninos.org\/\" target=\"_blank\" rel=\"noopener\"><img loading=\"lazy\" decoding=\"async\" class=\"alignnone size-full wp-image-137\" src=\"http:\/\/www.grupiref.org\/wp-content\/uploads\/2014\/07\/boton-enlace1.png\" alt=\"Enlace\" width=\"38\" height=\"30\" align=\"absmiddle\" border=\"0\" \/><\/a><\/strong><a href=\"http:\/\/www.filosofiaparaninos.org\/\" target=\"_blank\" rel=\"noopener\">Centro de Filosof\u00eda para Ni\u00f1os Madrid<\/a><\/p>\n<p><strong><a href=\"http:\/\/www.xn--filosofiaparaniosvalencia-noc.es\/\" target=\"_blank\" rel=\"noopener\"><img loading=\"lazy\" decoding=\"async\" class=\"alignnone size-full wp-image-137\" src=\"http:\/\/www.grupiref.org\/wp-content\/uploads\/2014\/07\/boton-enlace1.png\" alt=\"Enlace\" width=\"38\" height=\"30\" align=\"absmiddle\" border=\"0\" \/><\/a><\/strong><a href=\"http:\/\/www.xn--filosofiaparaniosvalencia-noc.es\/\" target=\"_blank\" rel=\"noopener\">Centro de Filosofia para Ni\u00f1os de Valencia<\/a><\/p>\n<p><strong><a href=\"http:\/\/www.filonenos.org\/\" target=\"_blank\" rel=\"noopener\"><img loading=\"lazy\" decoding=\"async\" class=\"alignnone size-full wp-image-137\" src=\"http:\/\/www.grupiref.org\/wp-content\/uploads\/2014\/07\/boton-enlace1.png\" alt=\"Enlace\" width=\"38\" height=\"30\" align=\"absmiddle\" border=\"0\" \/><\/a><\/strong><a href=\"http:\/\/www.filonenos.org\/\" target=\"_blank\" rel=\"noopener\">Centro de Filosofia para Ni\u00f1os de Asturias<\/a><\/p>\n<p><strong id=\"docs-internal-guid-9cace8ab-b7cc-07e5-1545-e3e33f0363bc\"><a href=\"http:\/\/www.filosofiaparaninos.es\/\" target=\"_blank\" rel=\"noopener\"><img loading=\"lazy\" decoding=\"async\" class=\"alignnone size-full wp-image-137\" src=\"http:\/\/www.grupiref.org\/wp-content\/uploads\/2014\/07\/boton-enlace1.png\" alt=\"Enlace\" width=\"38\" height=\"30\" align=\"absmiddle\" border=\"0\" \/><\/a><\/strong><a href=\"http:\/\/www.filosofiaparaninos.es\/\" target=\"_blank\" rel=\"noopener\">Centro de Filosof\u00eda para Ni\u00f1os &#8211; Sevilla<\/a><\/p>\n<p><strong><a href=\"http:\/\/www.octaedro.com\/noria\/\" target=\"_blank\" rel=\"noopener\"><img loading=\"lazy\" decoding=\"async\" class=\"alignnone size-full wp-image-137\" src=\"http:\/\/www.grupiref.org\/wp-content\/uploads\/2014\/07\/boton-enlace1.png\" alt=\"Enlace\" width=\"38\" height=\"30\" align=\"absmiddle\" border=\"0\" \/><\/a><\/strong><a href=\"http:\/\/www.octaedro.com\/noria\/\" target=\"_blank\" rel=\"noopener\">Proyecto Noria<\/a><\/p>\n<p><strong id=\"docs-internal-guid-9cace8ab-b7cc-07e5-1545-e3e33f0363bc\"><a href=\"http:\/\/www.miroscopio.everest.es\/\" target=\"_blank\" rel=\"noopener\"><img loading=\"lazy\" decoding=\"async\" class=\"alignnone size-full wp-image-137\" src=\"http:\/\/www.grupiref.org\/wp-content\/uploads\/2014\/07\/boton-enlace1.png\" alt=\"Enlace\" width=\"38\" height=\"30\" align=\"absmiddle\" border=\"0\" \/><\/a><\/strong><a href=\"http:\/\/www.miroscopio.everest.es\/\" target=\"_blank\" rel=\"noopener\">Proyecto Miroscopio. Galicia<\/a><\/p>\n<p>&nbsp;<\/p>\n<p><strong>PHILOSOPHY FOR CHILDREN \/ FILOSOF\u00cdA PARA NI\u00d1OS, NI\u00d1AS Y J\u00d3VENES EN EL MUNDO<\/strong><\/p>\n<p><strong id=\"docs-internal-guid-9cace8ab-b7cc-07e5-1545-e3e33f0363bc\"><a href=\"http:\/\/www.montclair.edu\/cehs\/academics\/centers-and-institutes\/iapc\/\" target=\"_blank\" rel=\"noopener\"><img loading=\"lazy\" decoding=\"async\" class=\"alignnone size-full wp-image-137\" src=\"http:\/\/www.grupiref.org\/wp-content\/uploads\/2014\/07\/boton-enlace1.png\" alt=\"Enlace\" width=\"38\" height=\"30\" align=\"absmiddle\" border=\"0\" \/><\/a><\/strong><a href=\"http:\/\/www.montclair.edu\/cehs\/academics\/centers-and-institutes\/iapc\/\" target=\"_blank\" rel=\"noopener\">IAPC &#8211; Institute for the Advancement of Philosophy for Children, IAPC, Montclair, New Jersey<\/a><\/p>\n<p><strong><a href=\"http:\/\/www.montclair.edu\/cehs\/academics\/centers-and-institutes\/iapc\/\" target=\"_blank\" rel=\"noopener\"><img loading=\"lazy\" decoding=\"async\" class=\"alignnone size-full wp-image-137\" src=\"http:\/\/www.grupiref.org\/wp-content\/uploads\/2014\/07\/boton-enlace1.png\" alt=\"Enlace\" width=\"38\" height=\"30\" align=\"absmiddle\" border=\"0\" \/><\/a><\/strong><a href=\"http:\/\/www.montclair.edu\/cehs\/academics\/centers-and-institutes\/iapc\/\" target=\"_blank\" rel=\"noopener\">http:\/\/www.montclair.edu\/cehs\/academics\/centers-and-institutes\/iapc\/<\/a><\/p>\n<p><strong id=\"docs-internal-guid-9cace8ab-b7cc-07e5-1545-e3e33f0363bc\"><a href=\"http:\/\/icpic.org\/\" target=\"_blank\" rel=\"noopener\"><img loading=\"lazy\" decoding=\"async\" class=\"alignnone size-full wp-image-137\" src=\"http:\/\/www.grupiref.org\/wp-content\/uploads\/2014\/07\/boton-enlace1.png\" alt=\"Enlace\" width=\"38\" height=\"30\" align=\"absmiddle\" border=\"0\" \/><\/a><\/strong><a href=\"http:\/\/icpic.org\/\" target=\"_blank\" rel=\"noopener\">ICPIC The International Council of Philosophical Inquiry with Children<\/a><\/p>\n<p>&nbsp;<\/p>\n<p dir=\"ltr\"><strong>Am\u00e9rica Latina<\/strong><\/p>\n<p><strong id=\"docs-internal-guid-9cace8ab-b7cc-07e5-1545-e3e33f0363bc\"><a href=\"http:\/\/www.fpnmexico.org\/\" target=\"_blank\" rel=\"noopener\"><img loading=\"lazy\" decoding=\"async\" class=\"alignnone size-full wp-image-137\" src=\"http:\/\/www.grupiref.org\/wp-content\/uploads\/2014\/07\/boton-enlace1.png\" alt=\"Enlace\" width=\"38\" height=\"30\" align=\"absmiddle\" border=\"0\" \/><\/a><\/strong><a href=\"http:\/\/www.fpnmexico.org\/\" target=\"_blank\" rel=\"noopener\">Federaci\u00f3n Mexicana de Filosof\u00eda para Ni\u00f1os<\/a><\/p>\n<p><strong><a href=\"http:\/\/celafin.org\/quienes.html\" target=\"_blank\" rel=\"noopener\"><img loading=\"lazy\" decoding=\"async\" class=\"alignnone size-full wp-image-137\" src=\"http:\/\/www.grupiref.org\/wp-content\/uploads\/2014\/07\/boton-enlace1.png\" alt=\"Enlace\" width=\"38\" height=\"30\" align=\"absmiddle\" border=\"0\" \/><\/a><\/strong> <a href=\"http:\/\/celafin.org\/quienes.html\" target=\"_blank\" rel=\"noopener\">CELAFIN &#8211; Centro Latinoamericano de Filosof\u00eda para Ni\u00f1os<\/a><\/p>\n<p><strong id=\"docs-internal-guid-9cace8ab-b7cc-07e5-1545-e3e33f0363bc\"><a href=\"http:\/\/www.espaciofpn.com\/\" target=\"_blank\" rel=\"noopener\"><img loading=\"lazy\" decoding=\"async\" class=\"alignnone size-full wp-image-137\" src=\"http:\/\/www.grupiref.org\/wp-content\/uploads\/2014\/07\/boton-enlace1.png\" alt=\"Enlace\" width=\"38\" height=\"30\" align=\"absmiddle\" border=\"0\" \/><\/a><\/strong><a href=\"http:\/\/www.espaciofpn.com\/\" target=\"_blank\" rel=\"noopener\">Espacio FpN<\/a><\/p>\n<p><strong id=\"docs-internal-guid-9cace8ab-b7cc-07e5-1545-e3e33f0363bc\"><a href=\"https:\/\/grupopensadero.wordpress.com\/\" target=\"_blank\" rel=\"noopener\"><img loading=\"lazy\" decoding=\"async\" class=\"alignnone size-full wp-image-137\" src=\"http:\/\/www.grupiref.org\/wp-content\/uploads\/2014\/07\/boton-enlace1.png\" alt=\"Enlace\" width=\"38\" height=\"30\" align=\"absmiddle\" border=\"0\" \/><\/a><\/strong><a href=\"https:\/\/grupopensadero.wordpress.com\/\" target=\"_blank\" rel=\"noopener\">El Pensadero<\/a><\/p>\n<p><strong id=\"docs-internal-guid-9cace8ab-b7cc-07e5-1545-e3e33f0363bc\"><a href=\"http:\/\/www.philosletera.org.br\/index.php?option=com_content&amp;view=article&amp;id=113&amp;Itemid=99\" target=\"_blank\" rel=\"noopener\"><img loading=\"lazy\" decoding=\"async\" class=\"alignnone size-full wp-image-137\" src=\"http:\/\/www.grupiref.org\/wp-content\/uploads\/2014\/07\/boton-enlace1.png\" alt=\"Enlace\" width=\"38\" height=\"30\" align=\"absmiddle\" border=\"0\" \/><\/a><\/strong><a href=\"http:\/\/www.philosletera.org.br\/index.php?option=com_content&amp;view=article&amp;id=113&amp;Itemid=99\" target=\"_blank\" rel=\"noopener\">Centro de filosofia para crian\u00e7as de Brasil<\/a><\/p>\n<p><strong id=\"docs-internal-guid-9cace8ab-b7cc-07e5-1545-e3e33f0363bc\"><a href=\"https:\/\/www.facebook.com\/Red-Colombiana-de-Filosof\u00eda-para-Ni\u00f1os-207336975998426\/\" target=\"_blank\" rel=\"noopener\"><img loading=\"lazy\" decoding=\"async\" class=\"alignnone size-full wp-image-137\" src=\"http:\/\/www.grupiref.org\/wp-content\/uploads\/2014\/07\/boton-enlace1.png\" alt=\"Enlace\" width=\"38\" height=\"30\" align=\"absmiddle\" border=\"0\" \/><\/a><\/strong><a href=\"https:\/\/www.facebook.com\/Red-Colombiana-de-Filosof\u00eda-para-Ni\u00f1os-207336975998426\/\" target=\"_blank\" rel=\"noopener\">Red colombiana de Filosof\u00eda para Ni\u00f1os<\/a><\/p>\n<p><strong id=\"docs-internal-guid-9cace8ab-b7cc-07e5-1545-e3e33f0363bc\"><a href=\"http:\/\/lauracurbelo.org\/\" target=\"_blank\" rel=\"noopener\"><img loading=\"lazy\" decoding=\"async\" class=\"alignnone size-full wp-image-137\" src=\"http:\/\/www.grupiref.org\/wp-content\/uploads\/2014\/07\/boton-enlace1.png\" alt=\"Enlace\" width=\"38\" height=\"30\" align=\"absmiddle\" border=\"0\" \/><\/a><\/strong><a href=\"http:\/\/lauracurbelo.org\/\" target=\"_blank\" rel=\"noopener\">Filosof\u00eda para Ni\u00f1os en Uruguay<\/a><\/p>\n<p><strong id=\"docs-internal-guid-9cace8ab-b7cc-07e5-1545-e3e33f0363bc\"><a href=\"http:\/\/filosofia.uc.cl\/Filosofia-para-Ninos\/\" target=\"_blank\" rel=\"noopener\"><img loading=\"lazy\" decoding=\"async\" class=\"alignnone size-full wp-image-137\" src=\"http:\/\/www.grupiref.org\/wp-content\/uploads\/2014\/07\/boton-enlace1.png\" alt=\"Enlace\" width=\"38\" height=\"30\" align=\"absmiddle\" border=\"0\" \/><\/a><\/strong><a href=\"http:\/\/filosofia.uc.cl\/Filosofia-para-Ninos\/\" target=\"_blank\" rel=\"noopener\">Filosof\u00eda para Ni\u00f1os en Chile<\/a><\/p>\n<p>&nbsp;<\/p>\n<p dir=\"ltr\"><strong>Am\u00e9rcia del Norte<\/strong><\/p>\n<p><strong id=\"docs-internal-guid-9cace8ab-b7cc-07e5-1545-e3e33f0363bc\"><a href=\"http:\/\/p4chawaii.org\/\" target=\"_blank\" rel=\"noopener\"><img loading=\"lazy\" decoding=\"async\" class=\"alignnone size-full wp-image-137\" src=\"http:\/\/www.grupiref.org\/wp-content\/uploads\/2014\/07\/boton-enlace1.png\" alt=\"Enlace\" width=\"38\" height=\"30\" align=\"absmiddle\" border=\"0\" \/><\/a><\/strong><a href=\"http:\/\/p4chawaii.org\/\" target=\"_blank\" rel=\"noopener\">P4C Hawaii<\/a><\/p>\n<p><strong><a href=\"http:\/\/philoenfant.org\/\" target=\"_blank\" rel=\"noopener\"><img loading=\"lazy\" decoding=\"async\" class=\"alignnone size-full wp-image-137\" src=\"http:\/\/www.grupiref.org\/wp-content\/uploads\/2014\/07\/boton-enlace1.png\" alt=\"Enlace\" width=\"38\" height=\"30\" align=\"absmiddle\" border=\"0\" \/><\/a><\/strong><a href=\"http:\/\/philoenfant.org\/\" target=\"_blank\" rel=\"noopener\">La Philosophie pour les enfants<\/a><\/p>\n<p><strong id=\"docs-internal-guid-9cace8ab-b7cc-07e5-1545-e3e33f0363bc\"><a href=\"http:\/\/depts.washington.edu\/nwcenter\/\" target=\"_blank\" rel=\"noopener\"><img loading=\"lazy\" decoding=\"async\" class=\"alignnone size-full wp-image-137\" src=\"http:\/\/www.grupiref.org\/wp-content\/uploads\/2014\/07\/boton-enlace1.png\" alt=\"Enlace\" width=\"38\" height=\"30\" align=\"absmiddle\" border=\"0\" \/><\/a><\/strong><a href=\"http:\/\/depts.washington.edu\/nwcenter\/\" target=\"_blank\" rel=\"noopener\">Center of Philosophy for Children. University of Washington<\/a><\/p>\n<p><strong id=\"docs-internal-guid-9cace8ab-b7cc-07e5-1545-e3e33f0363bc\"><a href=\"http:\/\/p4c.com\/\" target=\"_blank\" rel=\"noopener\"><img loading=\"lazy\" decoding=\"async\" class=\"alignnone size-full wp-image-137\" src=\"http:\/\/www.grupiref.org\/wp-content\/uploads\/2014\/07\/boton-enlace1.png\" alt=\"Enlace\" width=\"38\" height=\"30\" align=\"absmiddle\" border=\"0\" \/><\/a><\/strong><a href=\"http:\/\/p4c.com\/\" target=\"_blank\" rel=\"noopener\">The P4C Co-operative<\/a><\/p>\n<p>&nbsp;<\/p>\n<p dir=\"ltr\"><strong>Europa<\/strong><\/p>\n<p><strong id=\"docs-internal-guid-9cace8ab-b7cc-07e5-1545-e3e33f0363bc\"><a href=\"http:\/\/www.sophia.eu.org\/\" target=\"_blank\" rel=\"noopener\"><img loading=\"lazy\" decoding=\"async\" class=\"alignnone size-full wp-image-137\" src=\"http:\/\/www.grupiref.org\/wp-content\/uploads\/2014\/07\/boton-enlace1.png\" alt=\"Enlace\" width=\"38\" height=\"30\" align=\"absmiddle\" border=\"0\" \/><\/a><\/strong><a href=\"http:\/\/www.sophia.eu.org\/\" target=\"_blank\" rel=\"noopener\">SOPHIA &#8211; European Foundation for the Advancement of Doing Philosophy with Children<\/a><\/p>\n<p><strong id=\"docs-internal-guid-9cace8ab-b7cc-07e5-1545-e3e33f0363bc\"><a href=\"http:\/\/www.filosofare.org\/home\/p4c\/\" target=\"_blank\" rel=\"noopener\"><img loading=\"lazy\" decoding=\"async\" class=\"alignnone size-full wp-image-137\" src=\"http:\/\/www.grupiref.org\/wp-content\/uploads\/2014\/07\/boton-enlace1.png\" alt=\"Enlace\" width=\"38\" height=\"30\" align=\"absmiddle\" border=\"0\" \/><\/a><\/strong><a href=\"http:\/\/www.filosofare.org\/home\/p4c\/\" target=\"_blank\" rel=\"noopener\">P\u00e0gina italiana de Philosophy for Children<\/a><\/p>\n<p><strong id=\"docs-internal-guid-9cace8ab-b7cc-07e5-1545-e3e33f0363bc\"><a href=\"http:\/\/www.thephilosophydoctor.co.uk\/2011\/\" target=\"_blank\" rel=\"noopener\"><img loading=\"lazy\" decoding=\"async\" class=\"alignnone size-full wp-image-137\" src=\"http:\/\/www.grupiref.org\/wp-content\/uploads\/2014\/07\/boton-enlace1.png\" alt=\"Enlace\" width=\"38\" height=\"30\" align=\"absmiddle\" border=\"0\" \/><\/a><\/strong><a href=\"http:\/\/www.thephilosophydoctor.co.uk\/2011\/\" target=\"_blank\" rel=\"noopener\">SAPERE -The Society for the Advancement of Philosophical Enquiry and Reflections in Education<\/a><\/p>\n<p><strong id=\"docs-internal-guid-9cace8ab-b7cc-07e5-1545-e3e33f0363bc\"><a href=\"http:\/\/www.thephilosophydoctor.co.uk\/2011\/\" target=\"_blank\" rel=\"noopener\"><img loading=\"lazy\" decoding=\"async\" class=\"alignnone size-full wp-image-137\" src=\"http:\/\/www.grupiref.org\/wp-content\/uploads\/2014\/07\/boton-enlace1.png\" alt=\"Enlace\" width=\"38\" height=\"30\" align=\"absmiddle\" border=\"0\" \/><\/a><\/strong><a href=\"http:\/\/www.thephilosophydoctor.co.uk\/2011\/\" target=\"_blank\" rel=\"noopener\">The Philosophy Doctor<\/a><\/p>\n<p><strong id=\"docs-internal-guid-9cace8ab-b7cc-07e5-1545-e3e33f0363bc\"><a href=\"http:\/\/www.philosophyforkids.com\/aboutus.shtml\" target=\"_blank\" rel=\"noopener\"><img loading=\"lazy\" decoding=\"async\" class=\"alignnone size-full wp-image-137\" src=\"http:\/\/www.grupiref.org\/wp-content\/uploads\/2014\/07\/boton-enlace1.png\" alt=\"Enlace\" width=\"38\" height=\"30\" align=\"absmiddle\" border=\"0\" \/><\/a><\/strong><a href=\"http:\/\/www.philosophyforkids.com\/aboutus.shtml\" target=\"_blank\" rel=\"noopener\">Philosophy for Kids<\/a><\/p>\n<p><strong id=\"docs-internal-guid-9cace8ab-b7cc-07e5-1545-e3e33f0363bc\"><a href=\"http:\/\/epic-international.org\/\" target=\"_blank\" rel=\"noopener\"><img loading=\"lazy\" decoding=\"async\" class=\"alignnone size-full wp-image-137\" src=\"http:\/\/www.grupiref.org\/wp-content\/uploads\/2014\/07\/boton-enlace1.png\" alt=\"Enlace\" width=\"38\" height=\"30\" align=\"absmiddle\" border=\"0\" \/><\/a><\/strong><a href=\"http:\/\/epic-international.org\/\" target=\"_blank\" rel=\"noopener\">EPIC International Fundat per la Dr.Catherine C. McCall<\/a><\/p>\n<p><strong id=\"docs-internal-guid-9cace8ab-b7cc-07e5-1545-e3e33f0363bc\"><a href=\"http:\/\/plato.stanford.edu\/entries\/children\/#Oth\" target=\"_blank\" rel=\"noopener\"><img loading=\"lazy\" decoding=\"async\" class=\"alignnone size-full wp-image-137\" src=\"http:\/\/www.grupiref.org\/wp-content\/uploads\/2014\/07\/boton-enlace1.png\" alt=\"Enlace\" width=\"38\" height=\"30\" align=\"absmiddle\" border=\"0\" \/><\/a><\/strong><a href=\"http:\/\/plato.stanford.edu\/entries\/children\/#Oth\" target=\"_blank\" rel=\"noopener\">Stanford Encyclopedia of Philosophy: Philosophy for Children<\/a><\/p>\n<p><strong id=\"docs-internal-guid-9cace8ab-b7cc-07e5-1545-e3e33f0363bc\"><a href=\"http:\/\/www.philosophy-foundation.org\/\" target=\"_blank\" rel=\"noopener\"><img loading=\"lazy\" decoding=\"async\" class=\"alignnone size-full wp-image-137\" src=\"http:\/\/www.grupiref.org\/wp-content\/uploads\/2014\/07\/boton-enlace1.png\" alt=\"Enlace\" width=\"38\" height=\"30\" align=\"absmiddle\" border=\"0\" \/><\/a><\/strong><a href=\"http:\/\/www.philosophy-foundation.org\/\" target=\"_blank\" rel=\"noopener\">The Philosophy Foundation<\/a><\/p>\n<p><strong id=\"docs-internal-guid-9cace8ab-b7cc-07e5-1545-e3e33f0363bc\"><a href=\"http:\/\/www.kinderphilosophie.at\/\" target=\"_blank\" rel=\"noopener\"><img loading=\"lazy\" decoding=\"async\" class=\"alignnone size-full wp-image-137\" src=\"http:\/\/www.grupiref.org\/wp-content\/uploads\/2014\/07\/boton-enlace1.png\" alt=\"Enlace\" width=\"38\" height=\"30\" align=\"absmiddle\" border=\"0\" \/><\/a><\/strong><a href=\"http:\/\/www.kinderphilosophie.at\/\" target=\"_blank\" rel=\"noopener\">Austrian Center of Philosphy for Children<\/a><\/p>\n<p>&nbsp;<\/p>\n<p dir=\"ltr\">Ocean\u00eda<\/p>\n<p><strong id=\"docs-internal-guid-9cace8ab-b7cc-07e5-1545-e3e33f0363bc\"><a href=\"http:\/\/fapsa.org.au\/\" target=\"_blank\" rel=\"noopener\"><img loading=\"lazy\" decoding=\"async\" class=\"alignnone size-full wp-image-137\" src=\"http:\/\/www.grupiref.org\/wp-content\/uploads\/2014\/07\/boton-enlace1.png\" alt=\"Enlace\" width=\"38\" height=\"30\" align=\"absmiddle\" border=\"0\" \/><\/a><\/strong><a href=\"http:\/\/fapsa.org.au\/\" target=\"_blank\" rel=\"noopener\">Federation of Australasian Philosophy in Schools Associations<\/a><\/p>\n<p><strong id=\"docs-internal-guid-9cace8ab-b7cc-07e5-1545-e3e33f0363bc\"><a href=\"http:\/\/www.p4c.org.nz\/\" target=\"_blank\" rel=\"noopener\"><img loading=\"lazy\" decoding=\"async\" class=\"alignnone size-full wp-image-137\" src=\"http:\/\/www.grupiref.org\/wp-content\/uploads\/2014\/07\/boton-enlace1.png\" alt=\"Enlace\" width=\"38\" height=\"30\" align=\"absmiddle\" border=\"0\" \/><\/a><\/strong><a href=\"http:\/\/www.p4c.org.nz\/\" target=\"_blank\" rel=\"noopener\">Philosophy for Children in New Zeland<\/a><\/p>\n<p><strong><strong>\u00a0<\/strong><\/strong><\/p>\n<p dir=\"ltr\"><strong>REVISTAS<\/strong><\/p>\n<p><strong id=\"docs-internal-guid-9cace8ab-b7cc-07e5-1545-e3e33f0363bc\"><a href=\"http:\/\/www.montclair.edu\/cehs\/academics\/centers-and-institutes\/iapc\/thinking-journal\/\" target=\"_blank\" rel=\"noopener\"><img loading=\"lazy\" decoding=\"async\" class=\"alignnone size-full wp-image-137\" src=\"http:\/\/www.grupiref.org\/wp-content\/uploads\/2014\/07\/boton-enlace1.png\" alt=\"Enlace\" width=\"38\" height=\"30\" align=\"absmiddle\" border=\"0\" \/><\/a><\/strong><a href=\"http:\/\/www.montclair.edu\/cehs\/academics\/centers-and-institutes\/iapc\/thinking-journal\/\" target=\"_blank\" rel=\"noopener\">Thinking: The Journal of Philosophy for Children (1979-2014)<\/a><\/p>\n<p><strong><a href=\"http:\/\/journal.viterbo.edu\/index.php\/atpp\" target=\"_blank\" rel=\"noopener\"><img loading=\"lazy\" decoding=\"async\" class=\"alignnone size-full wp-image-137\" src=\"http:\/\/www.grupiref.org\/wp-content\/uploads\/2014\/07\/boton-enlace1.png\" alt=\"Enlace\" width=\"38\" height=\"30\" align=\"absmiddle\" border=\"0\" \/><\/a><\/strong><a href=\"http:\/\/journal.viterbo.edu\/index.php\/atpp\" target=\"_blank\" rel=\"noopener\">Analytic teaching<\/a><\/p>\n<p>&nbsp;<\/p>\n<p>&nbsp;<\/p>\n","protected":false},"excerpt":{"rendered":"<p>FILOSOF\u00cdA PARA NI\u00d1OS EN EL ESTADO ESPA\u00d1OL Centro de Filosof\u00eda para Ni\u00f1os Madrid Centro de Filosofia para Ni\u00f1os de Valencia Centro de Filosofia para Ni\u00f1os de Asturias Centro de Filosof\u00eda para Ni\u00f1os &#8211; Sevilla Proyecto Noria Proyecto Miroscopio. Galicia &nbsp; PHILOSOPHY FOR CHILDREN \/ FILOSOF\u00cdA PARA NI\u00d1OS, NI\u00d1AS Y J\u00d3VENES EN EL MUNDO IAPC &#8211; &hellip; <a href=\"https:\/\/www.grupiref.org\/filosofia-formacion\/enlaces\/\" class=\"more-link\">Sigue leyendo <span class=\"screen-reader-text\">ENLACES<\/span><\/a><\/p>\n","protected":false},"author":1,"featured_media":0,"parent":0,"menu_order":0,"comment_status":"closed","ping_status":"closed","template":"","meta":{"footnotes":""},"class_list":["post-123","page","type-page","status-publish","hentry"],"_links":{"self":[{"href":"https:\/\/www.grupiref.org\/filosofia-formacion\/wp-json\/wp\/v2\/pages\/123","targetHints":{"allow":["GET"]}}],"collection":[{"href":"https:\/\/www.grupiref.org\/filosofia-formacion\/wp-json\/wp\/v2\/pages"}],"about":[{"href":"https:\/\/www.grupiref.org\/filosofia-formacion\/wp-json\/wp\/v2\/types\/page"}],"author":[{"embeddable":true,"href":"https:\/\/www.grupiref.org\/filosofia-formacion\/wp-json\/wp\/v2\/users\/1"}],"replies":[{"embeddable":true,"href":"https:\/\/www.grupiref.org\/filosofia-formacion\/wp-json\/wp\/v2\/comments?post=123"}],"version-history":[{"count":8,"href":"https:\/\/www.grupiref.org\/filosofia-formacion\/wp-json\/wp\/v2\/pages\/123\/revisions"}],"predecessor-version":[{"id":394,"href":"https:\/\/www.grupiref.org\/filosofia-formacion\/wp-json\/wp\/v2\/pages\/123\/revisions\/394"}],"wp:attachment":[{"href":"https:\/\/www.grupiref.org\/filosofia-formacion\/wp-json\/wp\/v2\/media?parent=123"}],"curies":[{"name":"wp","href":"https:\/\/api.w.org\/{rel}","templated":true}]}}